{"id":207,"date":"2024-11-27T22:42:30","date_gmt":"2024-11-27T21:42:30","guid":{"rendered":"https:\/\/3000clothing.com\/?page_id=207"},"modified":"2026-03-16T17:27:01","modified_gmt":"2026-03-16T16:27:01","slug":"about","status":"publish","type":"page","link":"https:\/\/3000clothing.com\/index.php\/about\/","title":{"rendered":"About"},"content":{"rendered":"\t\t<div data-elementor-type=\"wp-page\" data-elementor-id=\"207\" class=\"elementor elementor-207\" data-elementor-post-type=\"page\">\n\t\t\t\t<div class=\"elementor-element elementor-element-9c75444 e-con-full e-flex e-con e-parent\" data-id=\"9c75444\" data-element_type=\"container\">\n\t\t\t\t<\/div>\n\t\t<div class=\"elementor-element elementor-element-6c186e3 e-con-full e-flex e-con e-parent\" data-id=\"6c186e3\" data-element_type=\"container\">\n\t\t<div class=\"elementor-element elementor-element-2869dc8 e-con-full e-flex e-con e-child\" data-id=\"2869dc8\" data-element_type=\"container\">\n\t\t\t\t<div class=\"elementor-element elementor-element-b0a0bdd elementor-widget elementor-widget-image\" data-id=\"b0a0bdd\" data-element_type=\"widget\" data-widget_type=\"image.default\">\n\t\t\t\t<div class=\"elementor-widget-container\">\n\t\t\t\t\t\t\t\t\t\t\t\t\t<img fetchpriority=\"high\" decoding=\"async\" width=\"800\" height=\"1000\" src=\"https:\/\/3000clothing.com\/wp-content\/uploads\/2025\/01\/WhatsApp-Image-2025-01-24-at-13.00.29-819x1024.jpeg\" class=\"attachment-large size-large wp-image-277\" alt=\"\" srcset=\"https:\/\/3000clothing.com\/wp-content\/uploads\/2025\/01\/WhatsApp-Image-2025-01-24-at-13.00.29-819x1024.jpeg 819w, https:\/\/3000clothing.com\/wp-content\/uploads\/2025\/01\/WhatsApp-Image-2025-01-24-at-13.00.29-240x300.jpeg 240w, https:\/\/3000clothing.com\/wp-content\/uploads\/2025\/01\/WhatsApp-Image-2025-01-24-at-13.00.29-768x960.jpeg 768w, https:\/\/3000clothing.com\/wp-content\/uploads\/2025\/01\/WhatsApp-Image-2025-01-24-at-13.00.29-1229x1536.jpeg 1229w, https:\/\/3000clothing.com\/wp-content\/uploads\/2025\/01\/WhatsApp-Image-2025-01-24-at-13.00.29-1638x2048.jpeg 1638w, https:\/\/3000clothing.com\/wp-content\/uploads\/2025\/01\/WhatsApp-Image-2025-01-24-at-13.00.29-600x750.jpeg 600w, https:\/\/3000clothing.com\/wp-content\/uploads\/2025\/01\/WhatsApp-Image-2025-01-24-at-13.00.29.jpeg 2048w\" sizes=\"(max-width: 800px) 100vw, 800px\" \/>\t\t\t\t\t\t\t\t\t\t\t\t\t<\/div>\n\t\t\t\t<\/div>\n\t\t\t\t<\/div>\n\t\t<div class=\"elementor-element elementor-element-6a8f005 e-con-full e-flex e-con e-child\" data-id=\"6a8f005\" data-element_type=\"container\">\n\t\t\t\t<div class=\"elementor-element elementor-element-d2b64df elementor-widget elementor-widget-heading\" data-id=\"d2b64df\" data-element_type=\"widget\" data-widget_type=\"heading.default\">\n\t\t\t\t<div class=\"elementor-widget-container\">\n\t\t\t<h2 class=\"elementor-heading-title elementor-size-default\">who?<span style=\"color: var( --e-global-color-primary );font-family: var( --e-global-typography-primary-font-family ), Sans-serif;font-size: 2rem;font-weight: var( --e-global-typography-primary-font-weight );text-align: var(--text-align)\"><\/span><\/h2>\t\t<\/div>\n\t\t\t\t<\/div>\n\t\t\t\t<div class=\"elementor-element elementor-element-efabeee elementor-widget elementor-widget-text-editor\" data-id=\"efabeee\" data-element_type=\"widget\" data-widget_type=\"text-editor.default\">\n\t\t\t\t<div class=\"elementor-widget-container\">\n\t\t\t\t\t\t\t<p>Nasce a Napoli, <b>3000 <\/b>\u00e8 un brand che <b>rivoluziona il concetto<\/b> <b>di moda e consumo attraverso l&#8217;upcycling e il&nbsp;custom,<\/b> creando capi unici a partire da materiali di scarto e capi pre-loved. <br>Il brand nasce con l\u2019obiettivo di contrastare la concezione della societ\u00e0 odierna e l\u2019incessante consumo spropositato, riportando tutto a una concezione pi\u00f9 vicina al passato, in cui si dava un vero valore alll\u2019artigianato . L&#8217;ispirazione parte dal punk, dalla strada, dal grunge e dal non finito. Ogni creazione firmata 3000 \u00e8 concepita come un&#8217;opera d&#8217;arte, un pezzo unico e irripetibile, esattamente come chi lo indosser\u00e0. Nessun abito \u00e8 uguale all&#8217;altro, perch\u00e9 ogni individuo \u00e8 unico e in quanto tale merita un abito che lo rispecchi.<\/p>\t\t\t\t\t\t<\/div>\n\t\t\t\t<\/div>\n\t\t\t\t<\/div>\n\t\t\t\t<\/div>\n\t\t<div class=\"elementor-element elementor-element-4297ec0 e-con-full e-flex e-con e-parent\" data-id=\"4297ec0\" data-element_type=\"container\" data-settings=\"{&quot;background_background&quot;:&quot;classic&quot;}\">\n\t\t<div class=\"elementor-element elementor-element-47cb14d e-con-full e-flex e-con e-child\" data-id=\"47cb14d\" data-element_type=\"container\">\n\t\t\t\t<div class=\"elementor-element elementor-element-2e334a5 elementor-widget elementor-widget-heading\" data-id=\"2e334a5\" data-element_type=\"widget\" data-widget_type=\"heading.default\">\n\t\t\t\t<div class=\"elementor-widget-container\">\n\t\t\t<h2 class=\"elementor-heading-title elementor-size-default\">where<\/h2>\t\t<\/div>\n\t\t\t\t<\/div>\n\t\t\t\t<div class=\"elementor-element elementor-element-7767e9a elementor-widget elementor-widget-text-editor\" data-id=\"7767e9a\" data-element_type=\"widget\" data-widget_type=\"text-editor.default\">\n\t\t\t\t<div class=\"elementor-widget-container\">\n\t\t\t\t\t\t\t<p>Il viaggio di <strong>3000<\/strong> \u00e8 iniziato in una piccola camera, un laboratorio di idee che ha dato vita a una realt\u00e0 sempre pi\u00f9 concreta. Dopo oltre due anni di lavoro incessante, finalmente apre il <b>laboratorio 3000, uno studio a Napoli.<\/b> Questo spazio punta a diventare un punto di ritrovo per artisti, designer e amici, un piccolo polo artistico dove creativi di ogni genere possono incontrarsi, collaborare ed esprimere liberamente la propria arte<\/p>\t\t\t\t\t\t<\/div>\n\t\t\t\t<\/div>\n\t\t\t\t<\/div>\n\t\t<div class=\"elementor-element elementor-element-f6497de e-con-full e-flex e-con e-child\" data-id=\"f6497de\" data-element_type=\"container\">\n\t\t\t\t<div class=\"elementor-element elementor-element-e63ea69 elementor-arrows-position-inside elementor-widget elementor-widget-image-carousel\" data-id=\"e63ea69\" data-element_type=\"widget\" data-settings=\"{&quot;slides_to_show&quot;:&quot;1&quot;,&quot;navigation&quot;:&quot;arrows&quot;,&quot;autoplay&quot;:&quot;yes&quot;,&quot;pause_on_hover&quot;:&quot;yes&quot;,&quot;pause_on_interaction&quot;:&quot;yes&quot;,&quot;autoplay_speed&quot;:5000,&quot;infinite&quot;:&quot;yes&quot;,&quot;effect&quot;:&quot;slide&quot;,&quot;speed&quot;:500}\" data-widget_type=\"image-carousel.default\">\n\t\t\t\t<div class=\"elementor-widget-container\">\n\t\t\t\t\t<div class=\"elementor-image-carousel-wrapper swiper\" dir=\"ltr\">\n\t\t\t<div class=\"elementor-image-carousel swiper-wrapper\" aria-live=\"off\">\n\t\t\t\t\t\t\t\t<div class=\"swiper-slide\" role=\"group\" aria-roledescription=\"slide\" aria-label=\"1 di 3\"><figure class=\"swiper-slide-inner\"><img decoding=\"async\" class=\"swiper-slide-image\" src=\"https:\/\/3000clothing.com\/wp-content\/uploads\/2025\/01\/WhatsApp-Image-2025-01-24-at-13.22.38-768x1024.jpeg\" alt=\"\" \/><\/figure><\/div><div class=\"swiper-slide\" role=\"group\" aria-roledescription=\"slide\" aria-label=\"2 di 3\"><figure class=\"swiper-slide-inner\"><img decoding=\"async\" class=\"swiper-slide-image\" src=\"https:\/\/3000clothing.com\/wp-content\/uploads\/2025\/01\/WhatsApp-Image-2025-01-24-at-13.23.06-768x1024.jpeg\" alt=\"\" \/><\/figure><\/div><div class=\"swiper-slide\" role=\"group\" aria-roledescription=\"slide\" aria-label=\"3 di 3\"><figure class=\"swiper-slide-inner\"><img decoding=\"async\" class=\"swiper-slide-image\" src=\"https:\/\/3000clothing.com\/wp-content\/uploads\/2025\/01\/WhatsApp-Image-2025-01-24-at-13.22.51-768x1024.jpeg\" alt=\"\" \/><\/figure><\/div>\t\t\t<\/div>\n\t\t\t\t\t\t\t\t\t\t\t\t<div class=\"elementor-swiper-button elementor-swiper-button-prev\" role=\"button\" tabindex=\"0\">\n\t\t\t\t\t\t<svg aria-hidden=\"true\" class=\"e-font-icon-svg e-eicon-chevron-left\" viewBox=\"0 0 1000 1000\" xmlns=\"http:\/\/www.w3.org\/2000\/svg\"><path d=\"M646 125C629 125 613 133 604 142L308 442C296 454 292 471 292 487 292 504 296 521 308 533L604 854C617 867 629 875 646 875 663 875 679 871 692 858 704 846 713 829 713 812 713 796 708 779 692 767L438 487 692 225C700 217 708 204 708 187 708 171 704 154 692 142 675 129 663 125 646 125Z\"><\/path><\/svg>\t\t\t\t\t<\/div>\n\t\t\t\t\t<div class=\"elementor-swiper-button elementor-swiper-button-next\" role=\"button\" tabindex=\"0\">\n\t\t\t\t\t\t<svg aria-hidden=\"true\" class=\"e-font-icon-svg e-eicon-chevron-right\" viewBox=\"0 0 1000 1000\" xmlns=\"http:\/\/www.w3.org\/2000\/svg\"><path d=\"M696 533C708 521 713 504 713 487 713 471 708 454 696 446L400 146C388 133 375 125 354 125 338 125 325 129 313 142 300 154 292 171 292 187 292 204 296 221 308 233L563 492 304 771C292 783 288 800 288 817 288 833 296 850 308 863 321 871 338 875 354 875 371 875 388 867 400 854L696 533Z\"><\/path><\/svg>\t\t\t\t\t<\/div>\n\t\t\t\t\n\t\t\t\t\t\t\t\t\t<\/div>\n\t\t\t\t<\/div>\n\t\t\t\t<\/div>\n\t\t\t\t<\/div>\n\t\t\t\t<\/div>\n\t\t<div class=\"elementor-element elementor-element-f01bf8d e-con-full e-flex e-con e-parent\" data-id=\"f01bf8d\" data-element_type=\"container\">\n\t\t<div class=\"elementor-element elementor-element-cb90435 e-con-full e-flex e-con e-child\" data-id=\"cb90435\" data-element_type=\"container\">\n\t\t\t\t<div class=\"elementor-element elementor-element-90687c4 elementor-widget elementor-widget-image\" data-id=\"90687c4\" data-element_type=\"widget\" data-widget_type=\"image.default\">\n\t\t\t\t<div class=\"elementor-widget-container\">\n\t\t\t\t\t\t\t\t\t\t\t\t\t<img decoding=\"async\" width=\"768\" height=\"1024\" src=\"https:\/\/3000clothing.com\/wp-content\/uploads\/2025\/01\/WhatsApp-Image-2025-01-24-at-13.30.44-768x1024.jpeg\" class=\"attachment-large size-large wp-image-284\" alt=\"\" srcset=\"https:\/\/3000clothing.com\/wp-content\/uploads\/2025\/01\/WhatsApp-Image-2025-01-24-at-13.30.44-768x1024.jpeg 768w, https:\/\/3000clothing.com\/wp-content\/uploads\/2025\/01\/WhatsApp-Image-2025-01-24-at-13.30.44-225x300.jpeg 225w, https:\/\/3000clothing.com\/wp-content\/uploads\/2025\/01\/WhatsApp-Image-2025-01-24-at-13.30.44-1152x1536.jpeg 1152w, https:\/\/3000clothing.com\/wp-content\/uploads\/2025\/01\/WhatsApp-Image-2025-01-24-at-13.30.44-1536x2048.jpeg 1536w, https:\/\/3000clothing.com\/wp-content\/uploads\/2025\/01\/WhatsApp-Image-2025-01-24-at-13.30.44-600x800.jpeg 600w, https:\/\/3000clothing.com\/wp-content\/uploads\/2025\/01\/WhatsApp-Image-2025-01-24-at-13.30.44-scaled.jpeg 1920w\" sizes=\"(max-width: 768px) 100vw, 768px\" \/>\t\t\t\t\t\t\t\t\t\t\t\t\t<\/div>\n\t\t\t\t<\/div>\n\t\t\t\t<\/div>\n\t\t<div class=\"elementor-element elementor-element-37a46dd e-con-full e-flex e-con e-child\" data-id=\"37a46dd\" data-element_type=\"container\">\n\t\t\t\t<div class=\"elementor-element elementor-element-1304385 elementor-widget elementor-widget-heading\" data-id=\"1304385\" data-element_type=\"widget\" data-widget_type=\"heading.default\">\n\t\t\t\t<div class=\"elementor-widget-container\">\n\t\t\t<h2 class=\"elementor-heading-title elementor-size-default\">how<\/h2>\t\t<\/div>\n\t\t\t\t<\/div>\n\t\t\t\t<div class=\"elementor-element elementor-element-8fe1b4c elementor-widget elementor-widget-text-editor\" data-id=\"8fe1b4c\" data-element_type=\"widget\" data-widget_type=\"text-editor.default\">\n\t\t\t\t<div class=\"elementor-widget-container\">\n\t\t\t\t\t\t\t<p>Attraverso un attento processo di selezione e ricostruzione, si trasforma il passato in presente (talvolta in futuro, dato che gli stessi capi potranno essere aggiustati o rielaborati) dando nuova vita ai capi dismessi e promuovendo una moda sostenibile e consapevole. La missione \u00e8 creare moda che non solo valorizzi chi la indossa, ma rispetti anche il pianeta. Unendo creativit\u00e0, sostenibilit\u00e0 e autenticit\u00e0, 3000 si distingue per la sua capacit\u00e0 di reinventare e innovare, offrendo prodotti esclusivi che celebrano l&#8217;unicit\u00e0 e l&#8217;espressione personale.<\/p>\t\t\t\t\t\t<\/div>\n\t\t\t\t<\/div>\n\t\t\t\t<\/div>\n\t\t\t\t<\/div>\n\t\t\t\t<\/div>\n\t\t","protected":false},"excerpt":{"rendered":"<p>who? Nasce a Napoli, 3000 \u00e8 un brand che rivoluziona il concetto di moda e consumo attraverso l&#8217;upcycling e il&nbsp;custom, creando capi unici a partire da materiali di scarto e capi pre-loved. Il brand nasce con l\u2019obiettivo di contrastare la concezione della societ\u00e0 odierna e l\u2019incessante consumo spropositato, riportando tutto a una concezione pi\u00f9 vicina [&hellip;]<\/p>\n","protected":false},"author":1,"featured_media":0,"parent":0,"menu_order":0,"comment_status":"closed","ping_status":"closed","template":"elementor_header_footer","meta":{"_monsterinsights_skip_tracking":false,"_monsterinsights_sitenote_active":false,"_monsterinsights_sitenote_note":"","_monsterinsights_sitenote_category":0,"footnotes":""},"class_list":["post-207","page","type-page","status-publish","hentry"],"yoast_head":"<!-- This site is optimized with the Yoast SEO plugin v27.1.1 - https:\/\/yoast.com\/product\/yoast-seo-wordpress\/ -->\n<title>About - 3000 Clothing<\/title>\n<meta name=\"robots\" content=\"index, follow, max-snippet:-1, max-image-preview:large, max-video-preview:-1\" \/>\n<link rel=\"canonical\" href=\"https:\/\/3000clothing.com\/index.php\/about\/\" \/>\n<meta property=\"og:locale\" content=\"it_IT\" \/>\n<meta property=\"og:type\" content=\"article\" \/>\n<meta property=\"og:title\" content=\"About - 3000 Clothing\" \/>\n<meta property=\"og:description\" content=\"who? Nasce a Napoli, 3000 \u00e8 un brand che rivoluziona il concetto di moda e consumo attraverso l&#8217;upcycling e il&nbsp;custom, creando capi unici a partire da materiali di scarto e capi pre-loved. Il brand nasce con l\u2019obiettivo di contrastare la concezione della societ\u00e0 odierna e l\u2019incessante consumo spropositato, riportando tutto a una concezione pi\u00f9 vicina [&hellip;]\" \/>\n<meta property=\"og:url\" content=\"https:\/\/3000clothing.com\/index.php\/about\/\" \/>\n<meta property=\"og:site_name\" content=\"3000 Clothing\" \/>\n<meta property=\"article:modified_time\" content=\"2026-03-16T16:27:01+00:00\" \/>\n<meta property=\"og:image\" content=\"https:\/\/3000clothing.com\/wp-content\/uploads\/2025\/01\/WhatsApp-Image-2025-01-24-at-13.00.29.jpeg\" \/>\n\t<meta property=\"og:image:width\" content=\"2048\" \/>\n\t<meta property=\"og:image:height\" content=\"2560\" \/>\n\t<meta property=\"og:image:type\" content=\"image\/jpeg\" \/>\n<meta name=\"twitter:card\" content=\"summary_large_image\" \/>\n<meta name=\"twitter:label1\" content=\"Tempo di lettura stimato\" \/>\n\t<meta name=\"twitter:data1\" content=\"1 minuto\" \/>\n<script type=\"application\/ld+json\" class=\"yoast-schema-graph\">{\"@context\":\"https:\/\/schema.org\",\"@graph\":[{\"@type\":\"WebPage\",\"@id\":\"https:\/\/3000clothing.com\/index.php\/about\/\",\"url\":\"https:\/\/3000clothing.com\/index.php\/about\/\",\"name\":\"About - 3000 Clothing\",\"isPartOf\":{\"@id\":\"https:\/\/3000clothing.com\/#website\"},\"primaryImageOfPage\":{\"@id\":\"https:\/\/3000clothing.com\/index.php\/about\/#primaryimage\"},\"image\":{\"@id\":\"https:\/\/3000clothing.com\/index.php\/about\/#primaryimage\"},\"thumbnailUrl\":\"https:\/\/3000clothing.com\/wp-content\/uploads\/2025\/01\/WhatsApp-Image-2025-01-24-at-13.00.29-819x1024.jpeg\",\"datePublished\":\"2024-11-27T21:42:30+00:00\",\"dateModified\":\"2026-03-16T16:27:01+00:00\",\"breadcrumb\":{\"@id\":\"https:\/\/3000clothing.com\/index.php\/about\/#breadcrumb\"},\"inLanguage\":\"it-IT\",\"potentialAction\":[{\"@type\":\"ReadAction\",\"target\":[\"https:\/\/3000clothing.com\/index.php\/about\/\"]}]},{\"@type\":\"ImageObject\",\"inLanguage\":\"it-IT\",\"@id\":\"https:\/\/3000clothing.com\/index.php\/about\/#primaryimage\",\"url\":\"https:\/\/3000clothing.com\/wp-content\/uploads\/2025\/01\/WhatsApp-Image-2025-01-24-at-13.00.29.jpeg\",\"contentUrl\":\"https:\/\/3000clothing.com\/wp-content\/uploads\/2025\/01\/WhatsApp-Image-2025-01-24-at-13.00.29.jpeg\",\"width\":2048,\"height\":2560},{\"@type\":\"BreadcrumbList\",\"@id\":\"https:\/\/3000clothing.com\/index.php\/about\/#breadcrumb\",\"itemListElement\":[{\"@type\":\"ListItem\",\"position\":1,\"name\":\"Home\",\"item\":\"https:\/\/3000clothing.com\/\"},{\"@type\":\"ListItem\",\"position\":2,\"name\":\"About\"}]},{\"@type\":\"WebSite\",\"@id\":\"https:\/\/3000clothing.com\/#website\",\"url\":\"https:\/\/3000clothing.com\/\",\"name\":\"3000 Clothing - Custom & Upcycling\",\"description\":\"LI(F)E\",\"publisher\":{\"@id\":\"https:\/\/3000clothing.com\/#organization\"},\"alternateName\":\"3000 Clothing\",\"potentialAction\":[{\"@type\":\"SearchAction\",\"target\":{\"@type\":\"EntryPoint\",\"urlTemplate\":\"https:\/\/3000clothing.com\/?s={search_term_string}\"},\"query-input\":{\"@type\":\"PropertyValueSpecification\",\"valueRequired\":true,\"valueName\":\"search_term_string\"}}],\"inLanguage\":\"it-IT\"},{\"@type\":\"Organization\",\"@id\":\"https:\/\/3000clothing.com\/#organization\",\"name\":\"3000 Clothing\",\"url\":\"https:\/\/3000clothing.com\/\",\"logo\":{\"@type\":\"ImageObject\",\"inLanguage\":\"it-IT\",\"@id\":\"https:\/\/3000clothing.com\/#\/schema\/logo\/image\/\",\"url\":\"https:\/\/3000clothing.com\/wp-content\/uploads\/2024\/10\/LOGO-NERO-MINIMAL-ai.png\",\"contentUrl\":\"https:\/\/3000clothing.com\/wp-content\/uploads\/2024\/10\/LOGO-NERO-MINIMAL-ai.png\",\"width\":479,\"height\":250,\"caption\":\"3000 Clothing\"},\"image\":{\"@id\":\"https:\/\/3000clothing.com\/#\/schema\/logo\/image\/\"},\"sameAs\":[\"https:\/\/www.instagram.com\/3000li.f.e\/\",\"https:\/\/tiktok.com\/@3000li.f.e\"]}]}<\/script>\n<!-- \/ Yoast SEO plugin. -->","yoast_head_json":{"title":"About - 3000 Clothing","robots":{"index":"index","follow":"follow","max-snippet":"max-snippet:-1","max-image-preview":"max-image-preview:large","max-video-preview":"max-video-preview:-1"},"canonical":"https:\/\/3000clothing.com\/index.php\/about\/","og_locale":"it_IT","og_type":"article","og_title":"About - 3000 Clothing","og_description":"who? Nasce a Napoli, 3000 \u00e8 un brand che rivoluziona il concetto di moda e consumo attraverso l&#8217;upcycling e il&nbsp;custom, creando capi unici a partire da materiali di scarto e capi pre-loved. Il brand nasce con l\u2019obiettivo di contrastare la concezione della societ\u00e0 odierna e l\u2019incessante consumo spropositato, riportando tutto a una concezione pi\u00f9 vicina [&hellip;]","og_url":"https:\/\/3000clothing.com\/index.php\/about\/","og_site_name":"3000 Clothing","article_modified_time":"2026-03-16T16:27:01+00:00","og_image":[{"width":2048,"height":2560,"url":"https:\/\/3000clothing.com\/wp-content\/uploads\/2025\/01\/WhatsApp-Image-2025-01-24-at-13.00.29.jpeg","type":"image\/jpeg"}],"twitter_card":"summary_large_image","twitter_misc":{"Tempo di lettura stimato":"1 minuto"},"schema":{"@context":"https:\/\/schema.org","@graph":[{"@type":"WebPage","@id":"https:\/\/3000clothing.com\/index.php\/about\/","url":"https:\/\/3000clothing.com\/index.php\/about\/","name":"About - 3000 Clothing","isPartOf":{"@id":"https:\/\/3000clothing.com\/#website"},"primaryImageOfPage":{"@id":"https:\/\/3000clothing.com\/index.php\/about\/#primaryimage"},"image":{"@id":"https:\/\/3000clothing.com\/index.php\/about\/#primaryimage"},"thumbnailUrl":"https:\/\/3000clothing.com\/wp-content\/uploads\/2025\/01\/WhatsApp-Image-2025-01-24-at-13.00.29-819x1024.jpeg","datePublished":"2024-11-27T21:42:30+00:00","dateModified":"2026-03-16T16:27:01+00:00","breadcrumb":{"@id":"https:\/\/3000clothing.com\/index.php\/about\/#breadcrumb"},"inLanguage":"it-IT","potentialAction":[{"@type":"ReadAction","target":["https:\/\/3000clothing.com\/index.php\/about\/"]}]},{"@type":"ImageObject","inLanguage":"it-IT","@id":"https:\/\/3000clothing.com\/index.php\/about\/#primaryimage","url":"https:\/\/3000clothing.com\/wp-content\/uploads\/2025\/01\/WhatsApp-Image-2025-01-24-at-13.00.29.jpeg","contentUrl":"https:\/\/3000clothing.com\/wp-content\/uploads\/2025\/01\/WhatsApp-Image-2025-01-24-at-13.00.29.jpeg","width":2048,"height":2560},{"@type":"BreadcrumbList","@id":"https:\/\/3000clothing.com\/index.php\/about\/#breadcrumb","itemListElement":[{"@type":"ListItem","position":1,"name":"Home","item":"https:\/\/3000clothing.com\/"},{"@type":"ListItem","position":2,"name":"About"}]},{"@type":"WebSite","@id":"https:\/\/3000clothing.com\/#website","url":"https:\/\/3000clothing.com\/","name":"3000 Clothing - Custom & Upcycling","description":"LI(F)E","publisher":{"@id":"https:\/\/3000clothing.com\/#organization"},"alternateName":"3000 Clothing","potentialAction":[{"@type":"SearchAction","target":{"@type":"EntryPoint","urlTemplate":"https:\/\/3000clothing.com\/?s={search_term_string}"},"query-input":{"@type":"PropertyValueSpecification","valueRequired":true,"valueName":"search_term_string"}}],"inLanguage":"it-IT"},{"@type":"Organization","@id":"https:\/\/3000clothing.com\/#organization","name":"3000 Clothing","url":"https:\/\/3000clothing.com\/","logo":{"@type":"ImageObject","inLanguage":"it-IT","@id":"https:\/\/3000clothing.com\/#\/schema\/logo\/image\/","url":"https:\/\/3000clothing.com\/wp-content\/uploads\/2024\/10\/LOGO-NERO-MINIMAL-ai.png","contentUrl":"https:\/\/3000clothing.com\/wp-content\/uploads\/2024\/10\/LOGO-NERO-MINIMAL-ai.png","width":479,"height":250,"caption":"3000 Clothing"},"image":{"@id":"https:\/\/3000clothing.com\/#\/schema\/logo\/image\/"},"sameAs":["https:\/\/www.instagram.com\/3000li.f.e\/","https:\/\/tiktok.com\/@3000li.f.e"]}]}},"_links":{"self":[{"href":"https:\/\/3000clothing.com\/index.php\/wp-json\/wp\/v2\/pages\/207","targetHints":{"allow":["GET"]}}],"collection":[{"href":"https:\/\/3000clothing.com\/index.php\/wp-json\/wp\/v2\/pages"}],"about":[{"href":"https:\/\/3000clothing.com\/index.php\/wp-json\/wp\/v2\/types\/page"}],"author":[{"embeddable":true,"href":"https:\/\/3000clothing.com\/index.php\/wp-json\/wp\/v2\/users\/1"}],"replies":[{"embeddable":true,"href":"https:\/\/3000clothing.com\/index.php\/wp-json\/wp\/v2\/comments?post=207"}],"version-history":[{"count":28,"href":"https:\/\/3000clothing.com\/index.php\/wp-json\/wp\/v2\/pages\/207\/revisions"}],"predecessor-version":[{"id":519,"href":"https:\/\/3000clothing.com\/index.php\/wp-json\/wp\/v2\/pages\/207\/revisions\/519"}],"wp:attachment":[{"href":"https:\/\/3000clothing.com\/index.php\/wp-json\/wp\/v2\/media?parent=207"}],"curies":[{"name":"wp","href":"https:\/\/api.w.org\/{rel}","templated":true}]}}