{"id":2,"date":"2024-10-22T21:08:44","date_gmt":"2024-10-22T19:08:44","guid":{"rendered":"http:\/\/lhuhmkq.cluster027.hosting.ovh.net\/?page_id=2"},"modified":"2026-02-28T17:13:40","modified_gmt":"2026-02-28T16:13:40","slug":"page-d-exemple","status":"publish","type":"page","link":"https:\/\/3000clothing.com\/index.php\/page-d-exemple\/","title":{"rendered":"Termini e condizioni"},"content":{"rendered":"\t\t<div data-elementor-type=\"wp-page\" data-elementor-id=\"2\" class=\"elementor elementor-2\" data-elementor-post-type=\"page\">\n\t\t\t\t<div class=\"elementor-element elementor-element-372a810d e-con-full e-flex e-con e-parent\" data-id=\"372a810d\" data-element_type=\"container\">\n\t\t\t\t<div class=\"elementor-element elementor-element-1afaddba elementor-widget elementor-widget-text-editor\" data-id=\"1afaddba\" data-element_type=\"widget\" data-widget_type=\"text-editor.default\">\n\t\t\t\t<div class=\"elementor-widget-container\">\n\t\t\t\t\t\t\t<!-- wp:paragraph -->\n<p style=\"font-weight: 400;\">PREMESSA<\/p>\n<p style=\"font-weight: 400;\">Il sito Internet 3000clothing.com \u00e8 di propriet\u00e0 della 3000clothing con sede legale in\u00a0 \u00a0con codice fiscale\u00a0 \u00a0e partita I.V.A.\u00a0 \u00a0&#8211; pec:\u00a0 \u00a0Ogni informazione, supporto, richiesta o reclamo possono essere inoltrati anche all&#8217;indirizzo di posta elettronica s\u00a0 o al numero di telefono\u00a0 \u00a0Il presente sito \u00e8 dedicato alla promozione e alla vendita online dei prodotti commercializzati da 3000.<\/p>\n<p style=\"font-weight: 400;\">Gli acquisti effettuati su www.3000clothing.com sono regolamentati dalle presenti condizioni generali di vendita, che possono essere modificate in ogni momento da 3000clothing.com con efficacia dalla pubblicazione nel sito. L&#8217;invio dell&#8217;ordine da parte del Cliente vale come accettazione delle condizioni di vendita in quel momento pubblicate sul sito.<\/p>\n<p style=\"font-weight: 400;\">3000 osserva la normativa in materia di contratti a distanza di cui agli art. 50 e seguenti del D.Lgs n. 206 del 6 settembre 2005, nonch\u00e9 quella relativa al commercio elettronico di cui al D.Lgs. n. 70 del 9 aprile 2003. Le presenti condizioni generali devono considerarsi parte integrante e sostanziale del contratto.<\/p>\n<p style=\"font-weight: 400;\">3000 invita il Cliente a prendere visione attentamente delle condizioni sotto riportate, ed a stamparle e\/o salvarle su altro supporto duraturo a lui accessibile.<\/p>\n<ol>\n<li style=\"font-weight: 400;\">DEFINIZIONI<\/li>\n<\/ol>\n<p style=\"font-weight: 400;\">1.1 Con l&#8217;espressione &#8220;contratto di vendita on line&#8221;, si intende il contratto di compravendita relativo ai beni mobili materiali commercializzati da 3000 stipulato tra questa ed il consumatore, nell&#8217;ambito di un sistema di vendita a distanza tramite strumenti telematici, organizzato da 3000.<\/p>\n<p style=\"font-weight: 400;\">1.2 Con l&#8217;espressione &#8220;Cliente&#8221; si intende il consumatore, persona fisica compie l&#8217;acquisto di cui al presente contratto.<\/p>\n<ol start=\"2\">\n<li style=\"font-weight: 400;\">OGGETTO DEL CONTRATTO<\/li>\n<\/ol>\n<p style=\"font-weight: 400;\">2.1 Con il presente contratto, rispettivamente, 3000 vende ed il Cliente acquista a distanza, tramite strumenti telematici, i beni mobili materiali indicati ed offerti in vendita sul sito www.3000clothing.com<\/p>\n<p style=\"font-weight: 400;\">2.2 I prodotti di cui al punto precedente sono illustrati nel sito www.3000clothing.com e descritti nelle relative schede informative; l&#8217;immagine a corredo di un prodotto pu\u00f2 non essere perfettamente rappresentativa delle sue caratteristiche, ma differire per colore, dimensioni e prodotti accessori.<\/p>\n<p style=\"font-weight: 400;\">2.3 3000 si riserva il diritto di non processare gli ordini ricevuti da utenti che non sono &#8220;Clienti&#8221;, cos\u00ec come qualunque altro ordine che non aderisca alla politica commerciale di 3000.<\/p>\n<ol start=\"3\">\n<li style=\"font-weight: 400;\">STIPULA E CONCLUSIONE DEL CONTRATTO<\/li>\n<\/ol>\n<p style=\"font-weight: 400;\">3.1 Il contratto tra 3000 ed il Cliente si conclude attraverso la rete Internet mediante l&#8217;accesso del Cliente all&#8217;indirizzo www.3000clothing.com, ove, seguendo le procedure indicate, il Cliente arriver\u00e0 a formalizzare la proposta per l&#8217;acquisto dei beni di cui ai punti 2.1 e 2.2 del precedente articolo.<\/p>\n<p style=\"font-weight: 400;\">3.2 Il contratto di acquisto si conclude completando la seguente procedura, che potr\u00e0 sempre essere corretta, modificata e annullata, fino al momento dell&#8217;invio dell&#8217;ordine: accedendo al sito web www.3000clothing.com il Cliente, dopo essersi registrato per l&#8217;acquisto, deve aggiungere i prodotti desiderati al carrello, completare tutte le pagine successive, seguendo le istruzioni, e trasmettere elettronicamente a 3000 la pagina con tutti i dati personali e l&#8217;ordine d&#8217;acquisto;<\/p>\n<p style=\"font-weight: 400;\">la pagina d&#8217;ordine contiene un collegamento alle presenti condizioni generali di vendita ed inoltre contiene le informazioni sulle caratteristiche principali di ogni prodotto ordinato ed il relativo prezzo (comprensivo di I.V.A.), il tipo di pagamento che ha scelto per l&#8217;acquisto, le condizioni per la consegna dei prodotti, i contributi richiesti per la consegna ed il trasporto oltre ai riferimenti ai termini e condizioni generali per la restituzione dei prodotti acquistati on-line;<\/p>\n<p style=\"font-weight: 400;\">prima di procedere con l&#8217;invio dell&#8217;ordine, al Cliente sar\u00e0 richiesto di identificare e correggere eventuali possibili errori occorsi durante la compilazione dei campi e di leggere con attenzione i termini e condizioni generali che regolano la vendita e l&#8217;acquisto.un ordine sar\u00e0 ritenuto inviato quando 3000 ricever\u00e0 la proposta d&#8217;ordine elettronicamente e le informazioni relative all&#8217;ordine saranno state verificate preliminarmente come corrette.<\/p>\n<p style=\"font-weight: 400;\">3.3 L&#8217;ordine inviato dal Cliente sar\u00e0 vincolante per 3000 solamente se l&#8217;intera procedura d&#8217;ordine sar\u00e0 stata completata regolarmente ed in modo corretto, senza alcuna evidenziazione di messaggi di errore da parte del sito Internet, e dopo l&#8217;invio da parte di 3000. Al Cliente verr\u00e0 inviata un&#8217;e-mail di conferma dell&#8217;ordine. L&#8217;e-mail contiene gli estremi del Cliente e dell&#8217;ordine, un riepilogo delle condizioni generali e particolari applicabili al contratto, il prezzo della merce acquistata, il mezzo di pagamento prescelto, le spese di trasporto, le imposte ed i tributi applicabili, l&#8217;indicazione della facolt\u00e0 di recesso e l&#8217;indirizzo di spedizione al quale sar\u00e0 inviata la merce. Il Cliente si impegna a verificare la correttezza dei dati in essa contenuti e a comunicare tempestivamente eventuali correzioni a Greta all\u2019indirizzo \u00a0o al numero telefonico\u00a0<\/p>\n<p style=\"font-weight: 400;\">3.4 Effettuando un ordine il Cliente dichiara di aver preso visione di tutte le indicazioni a lui fornite durante la procedura d&#8217;acquisto, e di accettare integralmente le presenti condizioni generali di vendita. Con l\u2019inoltro dell\u2019ordine il Cliente riconosce espressamente che ci\u00f2 implica l\u2019obbligo di versare il prezzo e gli altri importi dovuti ai sensi delle presenti condizioni generali di vendita.<\/p>\n<p style=\"font-weight: 400;\">Il contratto non si considera perfezionato ed efficace fra le parti in difetto di quanto indicato al punto precedente.<\/p>\n<p style=\"font-weight: 400;\">3.6 3000 potrebbe non prendere in carico e processare l&#8217;ordine qualora non vi siano garanzie sufficienti di solvibilit\u00e0 del pagamento, qualora gli ordini siano incompleti o errati, o se i prodotti non siano pi\u00f9 disponibili. Nei casi di cui sopra, il Cliente sar\u00e0 informato via e-mail che il contratto non \u00e8 stato eseguito e che 3000 non ha confermato l&#8217;ordine d&#8217;acquisto specificandone i motivi.<\/p>\n<p style=\"font-weight: 400;\">3.7 Il contratto stipulato tra 3000 ed il Cliente deve intendersi concluso con l&#8217;accettazione, anche solo parziale, dell&#8217;ordine da parte di 3000. Tale accettazione si ritiene tacita, se non altrimenti comunicato con qualsiasi modalit\u00e0 al Cliente.<\/p>\n<p style=\"font-weight: 400;\">3.8 Ai sensi dell&#8217;art. 12 del D.Lgs. 70 del 2003, 3000 informa il Cliente che ogni ordine inviato viene conservato in forma digitale o cartacea presso la propria sede, secondo criteri di riservatezza e sicurezza. Il Cliente pu\u00f2 in ogni momento richiederne copia a 3000 scrivendo a email:\u00a0<\/p>\n<!-- \/wp:paragraph -->\t\t\t\t\t\t<\/div>\n\t\t\t\t<\/div>\n\t\t\t\t<\/div>\n\t\t\t\t<\/div>\n\t\t","protected":false},"excerpt":{"rendered":"<p>PREMESSA Il sito Internet 3000clothing.com \u00e8 di propriet\u00e0 della 3000clothing con sede legale in\u00a0 \u00a0con codice fiscale\u00a0 \u00a0e partita I.V.A.\u00a0 \u00a0&#8211; pec:\u00a0 \u00a0Ogni informazione, supporto, richiesta o reclamo possono essere inoltrati anche all&#8217;indirizzo di posta elettronica s\u00a0 o al numero di telefono\u00a0 \u00a0Il presente sito \u00e8 dedicato alla promozione e alla vendita online dei prodotti [&hellip;]<\/p>\n","protected":false},"author":1,"featured_media":0,"parent":0,"menu_order":0,"comment_status":"closed","ping_status":"open","template":"elementor_header_footer","meta":{"_monsterinsights_skip_tracking":false,"_monsterinsights_sitenote_active":false,"_monsterinsights_sitenote_note":"","_monsterinsights_sitenote_category":0,"footnotes":""},"class_list":["post-2","page","type-page","status-publish","hentry"],"yoast_head":"<!-- This site is optimized with the Yoast SEO plugin v27.1.1 - https:\/\/yoast.com\/product\/yoast-seo-wordpress\/ -->\n<title>Termini e condizioni - 3000 Clothing<\/title>\n<meta name=\"robots\" content=\"index, follow, max-snippet:-1, max-image-preview:large, max-video-preview:-1\" \/>\n<link rel=\"canonical\" href=\"https:\/\/3000clothing.com\/index.php\/page-d-exemple\/\" \/>\n<meta property=\"og:locale\" content=\"it_IT\" \/>\n<meta property=\"og:type\" content=\"article\" \/>\n<meta property=\"og:title\" content=\"Termini e condizioni - 3000 Clothing\" \/>\n<meta property=\"og:description\" content=\"PREMESSA Il sito Internet 3000clothing.com \u00e8 di propriet\u00e0 della 3000clothing con sede legale in\u00a0 \u00a0con codice fiscale\u00a0 \u00a0e partita I.V.A.\u00a0 \u00a0&#8211; pec:\u00a0 \u00a0Ogni informazione, supporto, richiesta o reclamo possono essere inoltrati anche all&#8217;indirizzo di posta elettronica s\u00a0 o al numero di telefono\u00a0 \u00a0Il presente sito \u00e8 dedicato alla promozione e alla vendita online dei prodotti [&hellip;]\" \/>\n<meta property=\"og:url\" content=\"https:\/\/3000clothing.com\/index.php\/page-d-exemple\/\" \/>\n<meta property=\"og:site_name\" content=\"3000 Clothing\" \/>\n<meta property=\"article:modified_time\" content=\"2026-02-28T16:13:40+00:00\" \/>\n<meta property=\"og:image\" content=\"https:\/\/3000clothing.com\/wp-content\/uploads\/2024\/10\/LOGO-NERO-MINIMAL-ai.png\" \/>\n\t<meta property=\"og:image:width\" content=\"479\" \/>\n\t<meta property=\"og:image:height\" content=\"250\" \/>\n\t<meta property=\"og:image:type\" content=\"image\/png\" \/>\n<meta name=\"twitter:card\" content=\"summary_large_image\" \/>\n<meta name=\"twitter:label1\" content=\"Tempo di lettura stimato\" \/>\n\t<meta name=\"twitter:data1\" content=\"5 minuti\" \/>\n<script type=\"application\/ld+json\" class=\"yoast-schema-graph\">{\"@context\":\"https:\/\/schema.org\",\"@graph\":[{\"@type\":\"WebPage\",\"@id\":\"https:\/\/3000clothing.com\/index.php\/page-d-exemple\/\",\"url\":\"https:\/\/3000clothing.com\/index.php\/page-d-exemple\/\",\"name\":\"Termini e condizioni - 3000 Clothing\",\"isPartOf\":{\"@id\":\"https:\/\/3000clothing.com\/#website\"},\"datePublished\":\"2024-10-22T19:08:44+00:00\",\"dateModified\":\"2026-02-28T16:13:40+00:00\",\"breadcrumb\":{\"@id\":\"https:\/\/3000clothing.com\/index.php\/page-d-exemple\/#breadcrumb\"},\"inLanguage\":\"it-IT\",\"potentialAction\":[{\"@type\":\"ReadAction\",\"target\":[\"https:\/\/3000clothing.com\/index.php\/page-d-exemple\/\"]}]},{\"@type\":\"BreadcrumbList\",\"@id\":\"https:\/\/3000clothing.com\/index.php\/page-d-exemple\/#breadcrumb\",\"itemListElement\":[{\"@type\":\"ListItem\",\"position\":1,\"name\":\"Home\",\"item\":\"https:\/\/3000clothing.com\/\"},{\"@type\":\"ListItem\",\"position\":2,\"name\":\"Termini e condizioni\"}]},{\"@type\":\"WebSite\",\"@id\":\"https:\/\/3000clothing.com\/#website\",\"url\":\"https:\/\/3000clothing.com\/\",\"name\":\"3000 Clothing - Custom & Upcycling\",\"description\":\"LI(F)E\",\"publisher\":{\"@id\":\"https:\/\/3000clothing.com\/#organization\"},\"alternateName\":\"3000 Clothing\",\"potentialAction\":[{\"@type\":\"SearchAction\",\"target\":{\"@type\":\"EntryPoint\",\"urlTemplate\":\"https:\/\/3000clothing.com\/?s={search_term_string}\"},\"query-input\":{\"@type\":\"PropertyValueSpecification\",\"valueRequired\":true,\"valueName\":\"search_term_string\"}}],\"inLanguage\":\"it-IT\"},{\"@type\":\"Organization\",\"@id\":\"https:\/\/3000clothing.com\/#organization\",\"name\":\"3000 Clothing\",\"url\":\"https:\/\/3000clothing.com\/\",\"logo\":{\"@type\":\"ImageObject\",\"inLanguage\":\"it-IT\",\"@id\":\"https:\/\/3000clothing.com\/#\/schema\/logo\/image\/\",\"url\":\"https:\/\/3000clothing.com\/wp-content\/uploads\/2024\/10\/LOGO-NERO-MINIMAL-ai.png\",\"contentUrl\":\"https:\/\/3000clothing.com\/wp-content\/uploads\/2024\/10\/LOGO-NERO-MINIMAL-ai.png\",\"width\":479,\"height\":250,\"caption\":\"3000 Clothing\"},\"image\":{\"@id\":\"https:\/\/3000clothing.com\/#\/schema\/logo\/image\/\"},\"sameAs\":[\"https:\/\/www.instagram.com\/3000li.f.e\/\",\"https:\/\/tiktok.com\/@3000li.f.e\"]}]}<\/script>\n<!-- \/ Yoast SEO plugin. -->","yoast_head_json":{"title":"Termini e condizioni - 3000 Clothing","robots":{"index":"index","follow":"follow","max-snippet":"max-snippet:-1","max-image-preview":"max-image-preview:large","max-video-preview":"max-video-preview:-1"},"canonical":"https:\/\/3000clothing.com\/index.php\/page-d-exemple\/","og_locale":"it_IT","og_type":"article","og_title":"Termini e condizioni - 3000 Clothing","og_description":"PREMESSA Il sito Internet 3000clothing.com \u00e8 di propriet\u00e0 della 3000clothing con sede legale in\u00a0 \u00a0con codice fiscale\u00a0 \u00a0e partita I.V.A.\u00a0 \u00a0&#8211; pec:\u00a0 \u00a0Ogni informazione, supporto, richiesta o reclamo possono essere inoltrati anche all&#8217;indirizzo di posta elettronica s\u00a0 o al numero di telefono\u00a0 \u00a0Il presente sito \u00e8 dedicato alla promozione e alla vendita online dei prodotti [&hellip;]","og_url":"https:\/\/3000clothing.com\/index.php\/page-d-exemple\/","og_site_name":"3000 Clothing","article_modified_time":"2026-02-28T16:13:40+00:00","og_image":[{"width":479,"height":250,"url":"https:\/\/3000clothing.com\/wp-content\/uploads\/2024\/10\/LOGO-NERO-MINIMAL-ai.png","type":"image\/png"}],"twitter_card":"summary_large_image","twitter_misc":{"Tempo di lettura stimato":"5 minuti"},"schema":{"@context":"https:\/\/schema.org","@graph":[{"@type":"WebPage","@id":"https:\/\/3000clothing.com\/index.php\/page-d-exemple\/","url":"https:\/\/3000clothing.com\/index.php\/page-d-exemple\/","name":"Termini e condizioni - 3000 Clothing","isPartOf":{"@id":"https:\/\/3000clothing.com\/#website"},"datePublished":"2024-10-22T19:08:44+00:00","dateModified":"2026-02-28T16:13:40+00:00","breadcrumb":{"@id":"https:\/\/3000clothing.com\/index.php\/page-d-exemple\/#breadcrumb"},"inLanguage":"it-IT","potentialAction":[{"@type":"ReadAction","target":["https:\/\/3000clothing.com\/index.php\/page-d-exemple\/"]}]},{"@type":"BreadcrumbList","@id":"https:\/\/3000clothing.com\/index.php\/page-d-exemple\/#breadcrumb","itemListElement":[{"@type":"ListItem","position":1,"name":"Home","item":"https:\/\/3000clothing.com\/"},{"@type":"ListItem","position":2,"name":"Termini e condizioni"}]},{"@type":"WebSite","@id":"https:\/\/3000clothing.com\/#website","url":"https:\/\/3000clothing.com\/","name":"3000 Clothing - Custom & Upcycling","description":"LI(F)E","publisher":{"@id":"https:\/\/3000clothing.com\/#organization"},"alternateName":"3000 Clothing","potentialAction":[{"@type":"SearchAction","target":{"@type":"EntryPoint","urlTemplate":"https:\/\/3000clothing.com\/?s={search_term_string}"},"query-input":{"@type":"PropertyValueSpecification","valueRequired":true,"valueName":"search_term_string"}}],"inLanguage":"it-IT"},{"@type":"Organization","@id":"https:\/\/3000clothing.com\/#organization","name":"3000 Clothing","url":"https:\/\/3000clothing.com\/","logo":{"@type":"ImageObject","inLanguage":"it-IT","@id":"https:\/\/3000clothing.com\/#\/schema\/logo\/image\/","url":"https:\/\/3000clothing.com\/wp-content\/uploads\/2024\/10\/LOGO-NERO-MINIMAL-ai.png","contentUrl":"https:\/\/3000clothing.com\/wp-content\/uploads\/2024\/10\/LOGO-NERO-MINIMAL-ai.png","width":479,"height":250,"caption":"3000 Clothing"},"image":{"@id":"https:\/\/3000clothing.com\/#\/schema\/logo\/image\/"},"sameAs":["https:\/\/www.instagram.com\/3000li.f.e\/","https:\/\/tiktok.com\/@3000li.f.e"]}]}},"_links":{"self":[{"href":"https:\/\/3000clothing.com\/index.php\/wp-json\/wp\/v2\/pages\/2","targetHints":{"allow":["GET"]}}],"collection":[{"href":"https:\/\/3000clothing.com\/index.php\/wp-json\/wp\/v2\/pages"}],"about":[{"href":"https:\/\/3000clothing.com\/index.php\/wp-json\/wp\/v2\/types\/page"}],"author":[{"embeddable":true,"href":"https:\/\/3000clothing.com\/index.php\/wp-json\/wp\/v2\/users\/1"}],"replies":[{"embeddable":true,"href":"https:\/\/3000clothing.com\/index.php\/wp-json\/wp\/v2\/comments?post=2"}],"version-history":[{"count":4,"href":"https:\/\/3000clothing.com\/index.php\/wp-json\/wp\/v2\/pages\/2\/revisions"}],"predecessor-version":[{"id":509,"href":"https:\/\/3000clothing.com\/index.php\/wp-json\/wp\/v2\/pages\/2\/revisions\/509"}],"wp:attachment":[{"href":"https:\/\/3000clothing.com\/index.php\/wp-json\/wp\/v2\/media?parent=2"}],"curies":[{"name":"wp","href":"https:\/\/api.w.org\/{rel}","templated":true}]}}